{"id":280,"date":"2019-08-01T20:21:25","date_gmt":"2019-08-01T18:21:25","guid":{"rendered":"https:\/\/technoplus-industries.com\/?page_id=280"},"modified":"2020-05-07T14:07:24","modified_gmt":"2020-05-07T12:07:24","slug":"mentions-legales","status":"publish","type":"page","link":"https:\/\/technoplus-industries.com\/en\/mentions-legales\/","title":{"rendered":"Legal notice"},"content":{"rendered":"<div data-elementor-type=\"wp-post\" data-elementor-id=\"280\" class=\"elementor elementor-280\" data-elementor-post-type=\"page\">\n\t\t\t\t\t\t<section class=\"elementor-section elementor-top-section elementor-element elementor-element-fd4bea7 elementor-section-boxed elementor-section-height-default elementor-section-height-default\" data-id=\"fd4bea7\" data-element_type=\"section\" data-settings=\"{&quot;jet_parallax_layout_list&quot;:[{&quot;jet_parallax_layout_image&quot;:{&quot;url&quot;:&quot;&quot;,&quot;id&quot;:&quot;&quot;,&quot;size&quot;:&quot;&quot;},&quot;_id&quot;:&quot;bcb5abc&quot;,&quot;jet_parallax_layout_image_tablet&quot;:{&quot;url&quot;:&quot;&quot;,&quot;id&quot;:&quot;&quot;,&quot;size&quot;:&quot;&quot;},&quot;jet_parallax_layout_image_mobile&quot;:{&quot;url&quot;:&quot;&quot;,&quot;id&quot;:&quot;&quot;,&quot;size&quot;:&quot;&quot;},&quot;jet_parallax_layout_speed&quot;:{&quot;unit&quot;:&quot;%&quot;,&quot;size&quot;:50,&quot;sizes&quot;:[]},&quot;jet_parallax_layout_type&quot;:&quot;scroll&quot;,&quot;jet_parallax_layout_z_index&quot;:&quot;&quot;,&quot;jet_parallax_layout_bg_x&quot;:50,&quot;jet_parallax_layout_bg_y&quot;:50,&quot;jet_parallax_layout_bg_size&quot;:&quot;auto&quot;,&quot;jet_parallax_layout_animation_prop&quot;:&quot;transform&quot;,&quot;jet_parallax_layout_on&quot;:[&quot;desktop&quot;,&quot;tablet&quot;],&quot;jet_parallax_layout_direction&quot;:null,&quot;jet_parallax_layout_fx_direction&quot;:null,&quot;jet_parallax_layout_bg_x_tablet&quot;:&quot;&quot;,&quot;jet_parallax_layout_bg_x_mobile&quot;:&quot;&quot;,&quot;jet_parallax_layout_bg_y_tablet&quot;:&quot;&quot;,&quot;jet_parallax_layout_bg_y_mobile&quot;:&quot;&quot;,&quot;jet_parallax_layout_bg_size_tablet&quot;:&quot;&quot;,&quot;jet_parallax_layout_bg_size_mobile&quot;:&quot;&quot;}],&quot;background_background&quot;:&quot;classic&quot;,&quot;shape_divider_bottom&quot;:&quot;tilt&quot;}\">\n\t\t\t\t\t\t\t<div class=\"elementor-background-overlay\"><\/div>\n\t\t\t\t\t\t<div class=\"elementor-shape elementor-shape-bottom\" data-negative=\"false\">\n\t\t\t<svg xmlns=\"http:\/\/www.w3.org\/2000\/svg\" viewbox=\"0 0 1000 100\" preserveaspectratio=\"none\">\n\t<path class=\"elementor-shape-fill\" d=\"M0,6V0h1000v100L0,6z\"\/>\n<\/svg>\t\t<\/div>\n\t\t\t\t\t<div class=\"elementor-container elementor-column-gap-default\">\n\t\t\t\t\t<div class=\"elementor-column elementor-col-100 elementor-top-column elementor-element elementor-element-713d35f\" data-id=\"713d35f\" data-element_type=\"column\">\n\t\t\t<div class=\"elementor-widget-wrap elementor-element-populated\">\n\t\t\t\t\t\t<div class=\"elementor-element elementor-element-bd746a6 elementor-widget elementor-widget-heading\" data-id=\"bd746a6\" data-element_type=\"widget\" data-widget_type=\"heading.default\">\n\t\t\t\t<div class=\"elementor-widget-container\">\n\t\t\t\t\t<h1 class=\"elementor-heading-title elementor-size-default\">Legal notice<\/h1>\t\t\t\t<\/div>\n\t\t\t\t<\/div>\n\t\t\t\t\t<\/div>\n\t\t<\/div>\n\t\t\t\t\t<\/div>\n\t\t<\/section>\n\t\t\t\t<section class=\"elementor-section elementor-top-section elementor-element elementor-element-1b8c99b elementor-section-boxed elementor-section-height-default elementor-section-height-default\" data-id=\"1b8c99b\" data-element_type=\"section\" data-settings=\"{&quot;jet_parallax_layout_list&quot;:[{&quot;jet_parallax_layout_image&quot;:{&quot;url&quot;:&quot;&quot;,&quot;id&quot;:&quot;&quot;,&quot;size&quot;:&quot;&quot;},&quot;_id&quot;:&quot;c977e86&quot;,&quot;jet_parallax_layout_image_tablet&quot;:{&quot;url&quot;:&quot;&quot;,&quot;id&quot;:&quot;&quot;,&quot;size&quot;:&quot;&quot;},&quot;jet_parallax_layout_image_mobile&quot;:{&quot;url&quot;:&quot;&quot;,&quot;id&quot;:&quot;&quot;,&quot;size&quot;:&quot;&quot;},&quot;jet_parallax_layout_speed&quot;:{&quot;unit&quot;:&quot;%&quot;,&quot;size&quot;:50,&quot;sizes&quot;:[]},&quot;jet_parallax_layout_type&quot;:&quot;scroll&quot;,&quot;jet_parallax_layout_z_index&quot;:&quot;&quot;,&quot;jet_parallax_layout_bg_x&quot;:50,&quot;jet_parallax_layout_bg_y&quot;:50,&quot;jet_parallax_layout_bg_size&quot;:&quot;auto&quot;,&quot;jet_parallax_layout_animation_prop&quot;:&quot;transform&quot;,&quot;jet_parallax_layout_on&quot;:[&quot;desktop&quot;,&quot;tablet&quot;],&quot;jet_parallax_layout_direction&quot;:null,&quot;jet_parallax_layout_fx_direction&quot;:null,&quot;jet_parallax_layout_bg_x_tablet&quot;:&quot;&quot;,&quot;jet_parallax_layout_bg_x_mobile&quot;:&quot;&quot;,&quot;jet_parallax_layout_bg_y_tablet&quot;:&quot;&quot;,&quot;jet_parallax_layout_bg_y_mobile&quot;:&quot;&quot;,&quot;jet_parallax_layout_bg_size_tablet&quot;:&quot;&quot;,&quot;jet_parallax_layout_bg_size_mobile&quot;:&quot;&quot;}]}\">\n\t\t\t\t\t\t<div class=\"elementor-container elementor-column-gap-default\">\n\t\t\t\t\t<div class=\"elementor-column elementor-col-100 elementor-top-column elementor-element elementor-element-e477f63\" data-id=\"e477f63\" data-element_type=\"column\">\n\t\t\t<div class=\"elementor-widget-wrap elementor-element-populated\">\n\t\t\t\t\t\t<div class=\"elementor-element elementor-element-d18c140 elementor-widget elementor-widget-text-editor\" data-id=\"d18c140\" data-element_type=\"widget\" data-widget_type=\"text-editor.default\">\n\t\t\t\t<div class=\"elementor-widget-container\">\n\t\t\t\t\t\t\t\t\t<ol><li><strong> French Data Protection Act (Loi Informatique, fichiers et libert\u00e9s)<\/strong><\/li><\/ol><p>Pursuant to articles 39 and following of the January 6, 1978 law no. 78-17 governing data protection, any person may obtain communication and, if necessary, correction or deletion of the information concerning them, by contacting TECHNOPLUS INDUSTRIE.\nAny person may also, on legitimate grounds, object to the processing of their data.<br \/>Toute personne peut \u00e9galement, pour des motifs l\u00e9gitimes, s\u2019opposer au traitement des donn\u00e9es la concernant.<\/p><p>\u00a0<\/p><p>\u00a0<\/p><ol start=\"2\"><li><strong> Protection of intellectual property<\/strong><\/li><\/ol><p>This website is published by TECHNOPLUS INDUSTRIE (\"the publisher\"), which holds the rights to the website content. By content of the website, we mean the general structure, text, images, animated or not, and sounds that comprise the website. Any partial or total use or reproduction without the consent of TECHNOPLUS INDUSTRIE is unlawful. This use or reproduction, by any means whatsoever, would therefore constitute piracy, punishable by the legislation in force on intellectual property. TECHNOPLUS INDUSTRIE intends to apply all the provisions of the French Intellectual Property Code, including articles L 342-1 and L342-2 of this code.<\/p><p>\u00a0<\/p><ol start=\"3\"><li><strong> Permission to reproduce website content<\/strong><\/li><\/ol><p>Pursuant to the Intellectual Property Code, \"copies or reproductions strictly reserved for the private use of the copyist and not intended for collective use\" and \"private and free use exclusively within a family circle\" are authorised.<\/p><p>Therefore, unless TECHNOPLUS INDUSTRIE has given its prior written consent, commercial or other uses and transmitting one or more elements of website content, as well as modifying, redistributing, translating, selling, exploiting, reusing or presenting any elements of website content (in particular, the text, images and illustrations, sound or animated sequences, present or future) are prohibited.<\/p><p>\u00a0<\/p><ol start=\"4\"><li><strong> Information contained in the website<\/strong><\/li><\/ol><p>The information presented on this website is not exhaustive, it is provided for information purposes only and is subject to change. As such, TECHNOPLUS INDUSTRIE cannot be held liable in any way whatsoever.<\/p><p>\u00a0<\/p><ol start=\"5\"><li><strong> Hypertext links<\/strong><\/li><\/ol><p>Any establishment of hypertext links by third parties to pages or documents distributed by the service, which may in fact constitute an infringement of copyright, an act of parasitism or defamation, must be authorised. Authorisation may be requested directly from TECHNOPLUS INDUSTRIE.<\/p><p>Authorisation will be granted if the links do not infringe on the interests of the service and if they allow the user to identify the origin of the document, particularly in the case of deep hypertext links, framing or insertion by links. In addition, TECHNOPLUS INDUSTRIE is not responsible for the content or services offered by websites that link or refer to the TECHNOPLUS INDUSTRIE website that are not expressly authorised by TECHNOPLUS INDUSTRIE.<\/p><p>Credits<\/p><p>WebDesign and Development by: Abyxo Agency\u00a0<a href=\"http:\/\/www.abyxo.com\">www.abyxo.com<\/a><\/p>\t\t\t\t\t\t\t\t<\/div>\n\t\t\t\t<\/div>\n\t\t\t\t\t<\/div>\n\t\t<\/div>\n\t\t\t\t\t<\/div>\n\t\t<\/section>\n\t\t\t\t<section class=\"elementor-section elementor-top-section elementor-element elementor-element-4db0d9b elementor-section-boxed elementor-section-height-default elementor-section-height-default\" data-id=\"4db0d9b\" data-element_type=\"section\" data-settings=\"{&quot;jet_parallax_layout_list&quot;:[{&quot;jet_parallax_layout_image&quot;:{&quot;url&quot;:&quot;&quot;,&quot;id&quot;:&quot;&quot;,&quot;size&quot;:&quot;&quot;},&quot;_id&quot;:&quot;cdc32bf&quot;,&quot;jet_parallax_layout_image_tablet&quot;:{&quot;url&quot;:&quot;&quot;,&quot;id&quot;:&quot;&quot;,&quot;size&quot;:&quot;&quot;},&quot;jet_parallax_layout_image_mobile&quot;:{&quot;url&quot;:&quot;&quot;,&quot;id&quot;:&quot;&quot;,&quot;size&quot;:&quot;&quot;},&quot;jet_parallax_layout_speed&quot;:{&quot;unit&quot;:&quot;%&quot;,&quot;size&quot;:50,&quot;sizes&quot;:[]},&quot;jet_parallax_layout_type&quot;:&quot;scroll&quot;,&quot;jet_parallax_layout_direction&quot;:null,&quot;jet_parallax_layout_fx_direction&quot;:null,&quot;jet_parallax_layout_z_index&quot;:&quot;&quot;,&quot;jet_parallax_layout_bg_x&quot;:50,&quot;jet_parallax_layout_bg_y&quot;:50,&quot;jet_parallax_layout_bg_size&quot;:&quot;auto&quot;,&quot;jet_parallax_layout_animation_prop&quot;:&quot;transform&quot;,&quot;jet_parallax_layout_on&quot;:[&quot;desktop&quot;,&quot;tablet&quot;],&quot;jet_parallax_layout_bg_x_tablet&quot;:&quot;&quot;,&quot;jet_parallax_layout_bg_x_mobile&quot;:&quot;&quot;,&quot;jet_parallax_layout_bg_y_tablet&quot;:&quot;&quot;,&quot;jet_parallax_layout_bg_y_mobile&quot;:&quot;&quot;,&quot;jet_parallax_layout_bg_size_tablet&quot;:&quot;&quot;,&quot;jet_parallax_layout_bg_size_mobile&quot;:&quot;&quot;}]}\">\n\t\t\t\t\t\t<div class=\"elementor-container elementor-column-gap-default\">\n\t\t\t\t\t<div class=\"elementor-column elementor-col-100 elementor-top-column elementor-element elementor-element-7b7049d\" data-id=\"7b7049d\" data-element_type=\"column\">\n\t\t\t<div class=\"elementor-widget-wrap elementor-element-populated\">\n\t\t\t\t\t\t<div class=\"elementor-element elementor-element-c69ee88 elementor-widget elementor-widget-text-editor\" data-id=\"c69ee88\" data-element_type=\"widget\" data-widget_type=\"text-editor.default\">\n\t\t\t\t<div class=\"elementor-widget-container\">\n\t\t\t\t\t\t\t\t\t<p>Learn more<\/p>\t\t\t\t\t\t\t\t<\/div>\n\t\t\t\t<\/div>\n\t\t\t\t\t<\/div>\n\t\t<\/div>\n\t\t\t\t\t<\/div>\n\t\t<\/section>\n\t\t\t\t<\/div>","protected":false},"excerpt":{"rendered":"<p>Mentions l\u00e9gales Accueil Loi Informatique, fichiers et libert\u00e9s Conform\u00e9ment aux articles 39 et suivants de la loi n\u00b0 78-17 du 6 janvier 1978 relative \u00e0 l\u2019informatique, aux fichiers et aux libert\u00e9s, toute personne peut obtenir communication et, le cas \u00e9ch\u00e9ant, rectification ou suppression des informations la concernant, en s\u2019adressant \u00e0\u00a0TECHNOPLUS INDUSTRIE.Toute personne peut \u00e9galement, pour [&hellip;]<\/p>","protected":false},"author":1,"featured_media":0,"parent":0,"menu_order":0,"comment_status":"closed","ping_status":"closed","template":"elementor_header_footer","meta":{"footnotes":""},"class_list":["post-280","page","type-page","status-publish","hentry"],"yoast_head":"<!-- This site is optimized with the Yoast SEO plugin v24.9 - https:\/\/yoast.com\/wordpress\/plugins\/seo\/ -->\n<title>Mentions l\u00e9gales - TechnoPlus Industries<\/title>\n<meta name=\"robots\" content=\"index, follow, max-snippet:-1, max-image-preview:large, max-video-preview:-1\" \/>\n<link rel=\"canonical\" href=\"https:\/\/technoplus-industries.com\/en\/mentions-legales\/\" \/>\n<meta property=\"og:locale\" content=\"en_GB\" \/>\n<meta property=\"og:type\" content=\"article\" \/>\n<meta property=\"og:title\" content=\"Mentions l\u00e9gales - TechnoPlus Industries\" \/>\n<meta property=\"og:description\" content=\"Mentions l\u00e9gales Accueil Loi Informatique, fichiers et libert\u00e9s Conform\u00e9ment aux articles 39 et suivants de la loi n\u00b0 78-17 du 6 janvier 1978 relative \u00e0 l\u2019informatique, aux fichiers et aux libert\u00e9s, toute personne peut obtenir communication et, le cas \u00e9ch\u00e9ant, rectification ou suppression des informations la concernant, en s\u2019adressant \u00e0\u00a0TECHNOPLUS INDUSTRIE.Toute personne peut \u00e9galement, pour [&hellip;]\" \/>\n<meta property=\"og:url\" content=\"https:\/\/technoplus-industries.com\/en\/mentions-legales\/\" \/>\n<meta property=\"og:site_name\" content=\"TechnoPlus Industries\" \/>\n<meta property=\"article:modified_time\" content=\"2020-05-07T12:07:24+00:00\" \/>\n<meta name=\"twitter:card\" content=\"summary_large_image\" \/>\n<meta name=\"twitter:label1\" content=\"Estimated reading time\" \/>\n\t<meta name=\"twitter:data1\" content=\"3 minutes\" \/>\n<script type=\"application\/ld+json\" class=\"yoast-schema-graph\">{\"@context\":\"https:\/\/schema.org\",\"@graph\":[{\"@type\":\"WebPage\",\"@id\":\"https:\/\/technoplus-industries.com\/en\/mentions-legales\/\",\"url\":\"https:\/\/technoplus-industries.com\/en\/mentions-legales\/\",\"name\":\"Mentions l\u00e9gales - TechnoPlus Industries\",\"isPartOf\":{\"@id\":\"https:\/\/technoplus-industries.com\/#website\"},\"datePublished\":\"2019-08-01T18:21:25+00:00\",\"dateModified\":\"2020-05-07T12:07:24+00:00\",\"breadcrumb\":{\"@id\":\"https:\/\/technoplus-industries.com\/en\/mentions-legales\/#breadcrumb\"},\"inLanguage\":\"en-GB\",\"potentialAction\":[{\"@type\":\"ReadAction\",\"target\":[\"https:\/\/technoplus-industries.com\/en\/mentions-legales\/\"]}]},{\"@type\":\"BreadcrumbList\",\"@id\":\"https:\/\/technoplus-industries.com\/en\/mentions-legales\/#breadcrumb\",\"itemListElement\":[{\"@type\":\"ListItem\",\"position\":1,\"name\":\"Home\",\"item\":\"https:\/\/technoplus-industries.com\/\"},{\"@type\":\"ListItem\",\"position\":2,\"name\":\"Mentions l\u00e9gales\"}]},{\"@type\":\"WebSite\",\"@id\":\"https:\/\/technoplus-industries.com\/#website\",\"url\":\"https:\/\/technoplus-industries.com\/\",\"name\":\"TechnoPlus Industries\",\"description\":\"M\u00c9CANIQUE USINAGE CONCEPTION, R\u00c9ALISATION &amp; INT\u00c9GRATION\",\"publisher\":{\"@id\":\"https:\/\/technoplus-industries.com\/#organization\"},\"potentialAction\":[{\"@type\":\"SearchAction\",\"target\":{\"@type\":\"EntryPoint\",\"urlTemplate\":\"https:\/\/technoplus-industries.com\/?s={search_term_string}\"},\"query-input\":{\"@type\":\"PropertyValueSpecification\",\"valueRequired\":true,\"valueName\":\"search_term_string\"}}],\"inLanguage\":\"en-GB\"},{\"@type\":\"Organization\",\"@id\":\"https:\/\/technoplus-industries.com\/#organization\",\"name\":\"TechnoPlus Industries\",\"url\":\"https:\/\/technoplus-industries.com\/\",\"logo\":{\"@type\":\"ImageObject\",\"inLanguage\":\"en-GB\",\"@id\":\"https:\/\/technoplus-industries.com\/#\/schema\/logo\/image\/\",\"url\":\"https:\/\/technoplus-industries.com\/wp-content\/uploads\/2019\/07\/cropped-logo-TPI-ok.png\",\"contentUrl\":\"https:\/\/technoplus-industries.com\/wp-content\/uploads\/2019\/07\/cropped-logo-TPI-ok.png\",\"width\":2331,\"height\":1528,\"caption\":\"TechnoPlus Industries\"},\"image\":{\"@id\":\"https:\/\/technoplus-industries.com\/#\/schema\/logo\/image\/\"}}]}<\/script>\n<!-- \/ Yoast SEO plugin. -->","yoast_head_json":{"title":"Mentions l\u00e9gales - TechnoPlus Industries","robots":{"index":"index","follow":"follow","max-snippet":"max-snippet:-1","max-image-preview":"max-image-preview:large","max-video-preview":"max-video-preview:-1"},"canonical":"https:\/\/technoplus-industries.com\/en\/mentions-legales\/","og_locale":"en_GB","og_type":"article","og_title":"Mentions l\u00e9gales - TechnoPlus Industries","og_description":"Mentions l\u00e9gales Accueil Loi Informatique, fichiers et libert\u00e9s Conform\u00e9ment aux articles 39 et suivants de la loi n\u00b0 78-17 du 6 janvier 1978 relative \u00e0 l\u2019informatique, aux fichiers et aux libert\u00e9s, toute personne peut obtenir communication et, le cas \u00e9ch\u00e9ant, rectification ou suppression des informations la concernant, en s\u2019adressant \u00e0\u00a0TECHNOPLUS INDUSTRIE.Toute personne peut \u00e9galement, pour [&hellip;]","og_url":"https:\/\/technoplus-industries.com\/en\/mentions-legales\/","og_site_name":"TechnoPlus Industries","article_modified_time":"2020-05-07T12:07:24+00:00","twitter_card":"summary_large_image","twitter_misc":{"Estimated reading time":"3 minutes"},"schema":{"@context":"https:\/\/schema.org","@graph":[{"@type":"WebPage","@id":"https:\/\/technoplus-industries.com\/en\/mentions-legales\/","url":"https:\/\/technoplus-industries.com\/en\/mentions-legales\/","name":"Mentions l\u00e9gales - TechnoPlus Industries","isPartOf":{"@id":"https:\/\/technoplus-industries.com\/#website"},"datePublished":"2019-08-01T18:21:25+00:00","dateModified":"2020-05-07T12:07:24+00:00","breadcrumb":{"@id":"https:\/\/technoplus-industries.com\/en\/mentions-legales\/#breadcrumb"},"inLanguage":"en-GB","potentialAction":[{"@type":"ReadAction","target":["https:\/\/technoplus-industries.com\/en\/mentions-legales\/"]}]},{"@type":"BreadcrumbList","@id":"https:\/\/technoplus-industries.com\/en\/mentions-legales\/#breadcrumb","itemListElement":[{"@type":"ListItem","position":1,"name":"Home","item":"https:\/\/technoplus-industries.com\/"},{"@type":"ListItem","position":2,"name":"Mentions l\u00e9gales"}]},{"@type":"WebSite","@id":"https:\/\/technoplus-industries.com\/#website","url":"https:\/\/technoplus-industries.com\/","name":"TechnoPlus Industries","description":"M\u00c9CANIQUE USINAGE CONCEPTION, R\u00c9ALISATION &amp; INT\u00c9GRATION","publisher":{"@id":"https:\/\/technoplus-industries.com\/#organization"},"potentialAction":[{"@type":"SearchAction","target":{"@type":"EntryPoint","urlTemplate":"https:\/\/technoplus-industries.com\/?s={search_term_string}"},"query-input":{"@type":"PropertyValueSpecification","valueRequired":true,"valueName":"search_term_string"}}],"inLanguage":"en-GB"},{"@type":"Organization","@id":"https:\/\/technoplus-industries.com\/#organization","name":"TechnoPlus Industries","url":"https:\/\/technoplus-industries.com\/","logo":{"@type":"ImageObject","inLanguage":"en-GB","@id":"https:\/\/technoplus-industries.com\/#\/schema\/logo\/image\/","url":"https:\/\/technoplus-industries.com\/wp-content\/uploads\/2019\/07\/cropped-logo-TPI-ok.png","contentUrl":"https:\/\/technoplus-industries.com\/wp-content\/uploads\/2019\/07\/cropped-logo-TPI-ok.png","width":2331,"height":1528,"caption":"TechnoPlus Industries"},"image":{"@id":"https:\/\/technoplus-industries.com\/#\/schema\/logo\/image\/"}}]}},"_links":{"self":[{"href":"https:\/\/technoplus-industries.com\/en\/wp-json\/wp\/v2\/pages\/280","targetHints":{"allow":["GET"]}}],"collection":[{"href":"https:\/\/technoplus-industries.com\/en\/wp-json\/wp\/v2\/pages"}],"about":[{"href":"https:\/\/technoplus-industries.com\/en\/wp-json\/wp\/v2\/types\/page"}],"author":[{"embeddable":true,"href":"https:\/\/technoplus-industries.com\/en\/wp-json\/wp\/v2\/users\/1"}],"replies":[{"embeddable":true,"href":"https:\/\/technoplus-industries.com\/en\/wp-json\/wp\/v2\/comments?post=280"}],"version-history":[{"count":0,"href":"https:\/\/technoplus-industries.com\/en\/wp-json\/wp\/v2\/pages\/280\/revisions"}],"wp:attachment":[{"href":"https:\/\/technoplus-industries.com\/en\/wp-json\/wp\/v2\/media?parent=280"}],"curies":[{"name":"wp","href":"https:\/\/api.w.org\/{rel}","templated":true}]}}