{"id":161,"date":"2019-07-31T17:09:01","date_gmt":"2019-07-31T15:09:01","guid":{"rendered":"https:\/\/technoplus-industries.com\/?page_id=161"},"modified":"2020-06-08T11:12:51","modified_gmt":"2020-06-08T09:12:51","slug":"maintenance-intervention-nucleaire","status":"publish","type":"page","link":"https:\/\/technoplus-industries.com\/en\/maintenance-intervention-nucleaire\/","title":{"rendered":"MAINTENANCE &amp; SERVICE"},"content":{"rendered":"<div data-elementor-type=\"wp-post\" data-elementor-id=\"161\" class=\"elementor elementor-161\" data-elementor-post-type=\"page\">\n\t\t\t\t\t\t<section class=\"elementor-section elementor-top-section elementor-element elementor-element-015af4d elementor-section-boxed elementor-section-height-default elementor-section-height-default\" data-id=\"015af4d\" data-element_type=\"section\" data-settings=\"{&quot;jet_parallax_layout_list&quot;:[{&quot;jet_parallax_layout_image&quot;:{&quot;url&quot;:&quot;&quot;,&quot;id&quot;:&quot;&quot;,&quot;size&quot;:&quot;&quot;},&quot;_id&quot;:&quot;bcb5abc&quot;,&quot;jet_parallax_layout_image_tablet&quot;:{&quot;url&quot;:&quot;&quot;,&quot;id&quot;:&quot;&quot;,&quot;size&quot;:&quot;&quot;},&quot;jet_parallax_layout_image_mobile&quot;:{&quot;url&quot;:&quot;&quot;,&quot;id&quot;:&quot;&quot;,&quot;size&quot;:&quot;&quot;},&quot;jet_parallax_layout_speed&quot;:{&quot;unit&quot;:&quot;%&quot;,&quot;size&quot;:50,&quot;sizes&quot;:[]},&quot;jet_parallax_layout_type&quot;:&quot;scroll&quot;,&quot;jet_parallax_layout_z_index&quot;:&quot;&quot;,&quot;jet_parallax_layout_bg_x&quot;:50,&quot;jet_parallax_layout_bg_y&quot;:50,&quot;jet_parallax_layout_bg_size&quot;:&quot;auto&quot;,&quot;jet_parallax_layout_animation_prop&quot;:&quot;transform&quot;,&quot;jet_parallax_layout_on&quot;:[&quot;desktop&quot;,&quot;tablet&quot;],&quot;jet_parallax_layout_direction&quot;:null,&quot;jet_parallax_layout_fx_direction&quot;:null,&quot;jet_parallax_layout_bg_x_tablet&quot;:&quot;&quot;,&quot;jet_parallax_layout_bg_x_mobile&quot;:&quot;&quot;,&quot;jet_parallax_layout_bg_y_tablet&quot;:&quot;&quot;,&quot;jet_parallax_layout_bg_y_mobile&quot;:&quot;&quot;,&quot;jet_parallax_layout_bg_size_tablet&quot;:&quot;&quot;,&quot;jet_parallax_layout_bg_size_mobile&quot;:&quot;&quot;}],&quot;background_background&quot;:&quot;classic&quot;,&quot;shape_divider_bottom&quot;:&quot;tilt&quot;}\">\n\t\t\t\t\t\t\t<div class=\"elementor-background-overlay\"><\/div>\n\t\t\t\t\t\t<div class=\"elementor-shape elementor-shape-bottom\" data-negative=\"false\">\n\t\t\t<svg xmlns=\"http:\/\/www.w3.org\/2000\/svg\" viewbox=\"0 0 1000 100\" preserveaspectratio=\"none\">\n\t<path class=\"elementor-shape-fill\" d=\"M0,6V0h1000v100L0,6z\"\/>\n<\/svg>\t\t<\/div>\n\t\t\t\t\t<div class=\"elementor-container elementor-column-gap-default\">\n\t\t\t\t\t<div class=\"elementor-column elementor-col-100 elementor-top-column elementor-element elementor-element-59eb32e\" data-id=\"59eb32e\" data-element_type=\"column\">\n\t\t\t<div class=\"elementor-widget-wrap elementor-element-populated\">\n\t\t\t\t\t\t<div class=\"elementor-element elementor-element-bdb241c elementor-widget elementor-widget-heading\" data-id=\"bdb241c\" data-element_type=\"widget\" data-widget_type=\"heading.default\">\n\t\t\t\t<div class=\"elementor-widget-container\">\n\t\t\t\t\t<h1 class=\"elementor-heading-title elementor-size-default\">MAINTENANCE &amp; SERVICE<\/h1>\t\t\t\t<\/div>\n\t\t\t\t<\/div>\n\t\t\t\t<div class=\"elementor-element elementor-element-c5e12e4 elementor-widget elementor-widget-heading\" data-id=\"c5e12e4\" data-element_type=\"widget\" data-widget_type=\"heading.default\">\n\t\t\t\t<div class=\"elementor-widget-container\">\n\t\t\t\t\t<h4 class=\"elementor-heading-title elementor-size-default\">\u2014 Offre \u2014<\/h4>\t\t\t\t<\/div>\n\t\t\t\t<\/div>\n\t\t\t\t\t<\/div>\n\t\t<\/div>\n\t\t\t\t\t<\/div>\n\t\t<\/section>\n\t\t\t\t<section class=\"elementor-section elementor-top-section elementor-element elementor-element-c4ffeba elementor-section-boxed elementor-section-height-default elementor-section-height-default\" data-id=\"c4ffeba\" data-element_type=\"section\" data-settings=\"{&quot;jet_parallax_layout_list&quot;:[{&quot;jet_parallax_layout_image&quot;:{&quot;url&quot;:&quot;&quot;,&quot;id&quot;:&quot;&quot;,&quot;size&quot;:&quot;&quot;},&quot;_id&quot;:&quot;974b420&quot;,&quot;jet_parallax_layout_image_tablet&quot;:{&quot;url&quot;:&quot;&quot;,&quot;id&quot;:&quot;&quot;,&quot;size&quot;:&quot;&quot;},&quot;jet_parallax_layout_image_mobile&quot;:{&quot;url&quot;:&quot;&quot;,&quot;id&quot;:&quot;&quot;,&quot;size&quot;:&quot;&quot;},&quot;jet_parallax_layout_speed&quot;:{&quot;unit&quot;:&quot;%&quot;,&quot;size&quot;:50,&quot;sizes&quot;:[]},&quot;jet_parallax_layout_type&quot;:&quot;scroll&quot;,&quot;jet_parallax_layout_z_index&quot;:&quot;&quot;,&quot;jet_parallax_layout_bg_x&quot;:50,&quot;jet_parallax_layout_bg_y&quot;:50,&quot;jet_parallax_layout_bg_size&quot;:&quot;auto&quot;,&quot;jet_parallax_layout_animation_prop&quot;:&quot;transform&quot;,&quot;jet_parallax_layout_on&quot;:[&quot;desktop&quot;,&quot;tablet&quot;],&quot;jet_parallax_layout_direction&quot;:null,&quot;jet_parallax_layout_fx_direction&quot;:null,&quot;jet_parallax_layout_bg_x_tablet&quot;:&quot;&quot;,&quot;jet_parallax_layout_bg_x_mobile&quot;:&quot;&quot;,&quot;jet_parallax_layout_bg_y_tablet&quot;:&quot;&quot;,&quot;jet_parallax_layout_bg_y_mobile&quot;:&quot;&quot;,&quot;jet_parallax_layout_bg_size_tablet&quot;:&quot;&quot;,&quot;jet_parallax_layout_bg_size_mobile&quot;:&quot;&quot;}]}\">\n\t\t\t\t\t\t<div class=\"elementor-container elementor-column-gap-default\">\n\t\t\t\t\t<div class=\"elementor-column elementor-col-100 elementor-top-column elementor-element elementor-element-50df71c\" data-id=\"50df71c\" data-element_type=\"column\">\n\t\t\t<div class=\"elementor-widget-wrap elementor-element-populated\">\n\t\t\t\t\t\t<div class=\"elementor-element elementor-element-80aac54 elementor-widget elementor-widget-text-editor\" data-id=\"80aac54\" data-element_type=\"widget\" data-widget_type=\"text-editor.default\">\n\t\t\t\t<div class=\"elementor-widget-container\">\n\t\t\t\t\t\t\t\t\t<p>For more than 30 years, TPI has been helping our customers maintain their mechanical equipment and nuclear propulsion systems.<\/p><p>TPI is CEFRI E-certified and has personnel qualified to work on nuclear sites.<\/p>\t\t\t\t\t\t\t\t<\/div>\n\t\t\t\t<\/div>\n\t\t\t\t\t<\/div>\n\t\t<\/div>\n\t\t\t\t\t<\/div>\n\t\t<\/section>\n\t\t\t\t<section class=\"elementor-section elementor-top-section elementor-element elementor-element-632878c elementor-section-boxed elementor-section-height-default elementor-section-height-default\" data-id=\"632878c\" data-element_type=\"section\" data-settings=\"{&quot;jet_parallax_layout_list&quot;:[{&quot;jet_parallax_layout_image&quot;:{&quot;url&quot;:&quot;&quot;,&quot;id&quot;:&quot;&quot;,&quot;size&quot;:&quot;&quot;},&quot;_id&quot;:&quot;8fff58d&quot;,&quot;jet_parallax_layout_image_tablet&quot;:{&quot;url&quot;:&quot;&quot;,&quot;id&quot;:&quot;&quot;,&quot;size&quot;:&quot;&quot;},&quot;jet_parallax_layout_image_mobile&quot;:{&quot;url&quot;:&quot;&quot;,&quot;id&quot;:&quot;&quot;,&quot;size&quot;:&quot;&quot;},&quot;jet_parallax_layout_speed&quot;:{&quot;unit&quot;:&quot;%&quot;,&quot;size&quot;:50,&quot;sizes&quot;:[]},&quot;jet_parallax_layout_type&quot;:&quot;scroll&quot;,&quot;jet_parallax_layout_z_index&quot;:&quot;&quot;,&quot;jet_parallax_layout_bg_x&quot;:50,&quot;jet_parallax_layout_bg_y&quot;:50,&quot;jet_parallax_layout_bg_size&quot;:&quot;auto&quot;,&quot;jet_parallax_layout_animation_prop&quot;:&quot;transform&quot;,&quot;jet_parallax_layout_on&quot;:[&quot;desktop&quot;,&quot;tablet&quot;],&quot;jet_parallax_layout_direction&quot;:null,&quot;jet_parallax_layout_fx_direction&quot;:null,&quot;jet_parallax_layout_bg_x_tablet&quot;:&quot;&quot;,&quot;jet_parallax_layout_bg_x_mobile&quot;:&quot;&quot;,&quot;jet_parallax_layout_bg_y_tablet&quot;:&quot;&quot;,&quot;jet_parallax_layout_bg_y_mobile&quot;:&quot;&quot;,&quot;jet_parallax_layout_bg_size_tablet&quot;:&quot;&quot;,&quot;jet_parallax_layout_bg_size_mobile&quot;:&quot;&quot;}]}\">\n\t\t\t\t\t\t<div class=\"elementor-container elementor-column-gap-default\">\n\t\t\t\t\t<div class=\"elementor-column elementor-col-50 elementor-top-column elementor-element elementor-element-ab27fe9\" data-id=\"ab27fe9\" data-element_type=\"column\">\n\t\t\t<div class=\"elementor-widget-wrap elementor-element-populated\">\n\t\t\t\t\t\t<div class=\"elementor-element elementor-element-82012ee elementor-widget elementor-widget-image\" data-id=\"82012ee\" data-element_type=\"widget\" data-widget_type=\"image.default\">\n\t\t\t\t<div class=\"elementor-widget-container\">\n\t\t\t\t\t\t\t\t\t\t\t\t\t\t\t<img decoding=\"async\" src=\"https:\/\/technoplus-industries.com\/wp-content\/uploads\/elementor\/thumbs\/little-submarine-oi46cog7210d5hyadq6swd330ep4adu0t3o1drzck8.png\" title=\"little-submarine\" alt=\"little-submarine\" loading=\"lazy\" \/>\t\t\t\t\t\t\t\t\t\t\t\t\t\t\t<\/div>\n\t\t\t\t<\/div>\n\t\t\t\t<div class=\"elementor-element elementor-element-461e38d elementor-widget elementor-widget-text-editor\" data-id=\"461e38d\" data-element_type=\"widget\" data-widget_type=\"text-editor.default\">\n\t\t\t\t<div class=\"elementor-widget-container\">\n\t\t\t\t\t\t\t\t\t<p><em>Factory refurbishment of on-board equipment<\/em><\/p>\t\t\t\t\t\t\t\t<\/div>\n\t\t\t\t<\/div>\n\t\t\t\t\t<\/div>\n\t\t<\/div>\n\t\t\t\t<div class=\"elementor-column elementor-col-50 elementor-top-column elementor-element elementor-element-82fdd64\" data-id=\"82fdd64\" data-element_type=\"column\">\n\t\t\t<div class=\"elementor-widget-wrap elementor-element-populated\">\n\t\t\t\t\t\t<div class=\"elementor-element elementor-element-24815f4 elementor-widget elementor-widget-image\" data-id=\"24815f4\" data-element_type=\"widget\" data-widget_type=\"image.default\">\n\t\t\t\t<div class=\"elementor-widget-container\">\n\t\t\t\t\t\t\t\t\t\t\t\t\t\t\t<img decoding=\"async\" src=\"https:\/\/technoplus-industries.com\/wp-content\/uploads\/elementor\/thumbs\/plan-oi46cog6bpr4oy4ri27t0j72t8grht2w4uyjx6vgn4.png\" title=\"plan\" alt=\"plan\" loading=\"lazy\" \/>\t\t\t\t\t\t\t\t\t\t\t\t\t\t\t<\/div>\n\t\t\t\t<\/div>\n\t\t\t\t<div class=\"elementor-element elementor-element-4ed126c elementor-widget elementor-widget-text-editor\" data-id=\"4ed126c\" data-element_type=\"widget\" data-widget_type=\"text-editor.default\">\n\t\t\t\t<div class=\"elementor-widget-container\">\n\t\t\t\t\t\t\t\t\t<p>On-site maintenance (CEA and TechnicAtome Cadarache) and at the customer\u2019s site (Port, Vessels). TPI provides assembly, inspection and on-site welding services and can work in controlled areas (Category B staff and CEFRI E certified company).<\/p>\t\t\t\t\t\t\t\t<\/div>\n\t\t\t\t<\/div>\n\t\t\t\t\t<\/div>\n\t\t<\/div>\n\t\t\t\t\t<\/div>\n\t\t<\/section>\n\t\t\t\t<section class=\"elementor-section elementor-top-section elementor-element elementor-element-32c89a4 elementor-section-boxed elementor-section-height-default elementor-section-height-default\" data-id=\"32c89a4\" data-element_type=\"section\" data-settings=\"{&quot;jet_parallax_layout_list&quot;:[{&quot;jet_parallax_layout_image&quot;:{&quot;url&quot;:&quot;&quot;,&quot;id&quot;:&quot;&quot;,&quot;size&quot;:&quot;&quot;},&quot;_id&quot;:&quot;b25f5f2&quot;,&quot;jet_parallax_layout_image_tablet&quot;:{&quot;url&quot;:&quot;&quot;,&quot;id&quot;:&quot;&quot;,&quot;size&quot;:&quot;&quot;},&quot;jet_parallax_layout_image_mobile&quot;:{&quot;url&quot;:&quot;&quot;,&quot;id&quot;:&quot;&quot;,&quot;size&quot;:&quot;&quot;},&quot;jet_parallax_layout_speed&quot;:{&quot;unit&quot;:&quot;%&quot;,&quot;size&quot;:50,&quot;sizes&quot;:[]},&quot;jet_parallax_layout_type&quot;:&quot;scroll&quot;,&quot;jet_parallax_layout_z_index&quot;:&quot;&quot;,&quot;jet_parallax_layout_bg_x&quot;:50,&quot;jet_parallax_layout_bg_y&quot;:50,&quot;jet_parallax_layout_bg_size&quot;:&quot;auto&quot;,&quot;jet_parallax_layout_animation_prop&quot;:&quot;transform&quot;,&quot;jet_parallax_layout_on&quot;:[&quot;desktop&quot;,&quot;tablet&quot;],&quot;jet_parallax_layout_direction&quot;:null,&quot;jet_parallax_layout_fx_direction&quot;:null,&quot;jet_parallax_layout_bg_x_tablet&quot;:&quot;&quot;,&quot;jet_parallax_layout_bg_x_mobile&quot;:&quot;&quot;,&quot;jet_parallax_layout_bg_y_tablet&quot;:&quot;&quot;,&quot;jet_parallax_layout_bg_y_mobile&quot;:&quot;&quot;,&quot;jet_parallax_layout_bg_size_tablet&quot;:&quot;&quot;,&quot;jet_parallax_layout_bg_size_mobile&quot;:&quot;&quot;}],&quot;shape_divider_top&quot;:&quot;tilt&quot;}\">\n\t\t\t\t\t<div class=\"elementor-shape elementor-shape-top\" data-negative=\"false\">\n\t\t\t<svg xmlns=\"http:\/\/www.w3.org\/2000\/svg\" viewbox=\"0 0 1000 100\" preserveaspectratio=\"none\">\n\t<path class=\"elementor-shape-fill\" d=\"M0,6V0h1000v100L0,6z\"\/>\n<\/svg>\t\t<\/div>\n\t\t\t\t\t<div class=\"elementor-container elementor-column-gap-default\">\n\t\t\t\t\t<div class=\"elementor-column elementor-col-100 elementor-top-column elementor-element elementor-element-2507a7b\" data-id=\"2507a7b\" data-element_type=\"column\">\n\t\t\t<div class=\"elementor-widget-wrap elementor-element-populated\">\n\t\t\t\t\t\t<div class=\"elementor-element elementor-element-84c5c12 elementor-align-center elementor-invisible elementor-widget elementor-widget-button\" data-id=\"84c5c12\" data-element_type=\"widget\" data-settings=\"{&quot;_animation&quot;:&quot;fadeInUp&quot;,&quot;_animation_delay&quot;:750}\" data-widget_type=\"button.default\">\n\t\t\t\t<div class=\"elementor-widget-container\">\n\t\t\t\t\t\t\t\t\t<div class=\"elementor-button-wrapper\">\n\t\t\t\t\t<a class=\"elementor-button elementor-button-link elementor-size-sm\" href=\"https:\/\/technoplus-industries.com\/en\/demande-de-devis\/\">\n\t\t\t\t\t\t<span class=\"elementor-button-content-wrapper\">\n\t\t\t\t\t\t\t\t\t<span class=\"elementor-button-text\">REQUEST A QUOTE<\/span>\n\t\t\t\t\t<\/span>\n\t\t\t\t\t<\/a>\n\t\t\t\t<\/div>\n\t\t\t\t\t\t\t\t<\/div>\n\t\t\t\t<\/div>\n\t\t\t\t<div class=\"elementor-element elementor-element-fe0f78b elementor-widget elementor-widget-heading\" data-id=\"fe0f78b\" data-element_type=\"widget\" data-widget_type=\"heading.default\">\n\t\t\t\t<div class=\"elementor-widget-container\">\n\t\t\t\t\t<h3 class=\"elementor-heading-title elementor-size-default\">Our teams are here to meet your needs.<\/h3>\t\t\t\t<\/div>\n\t\t\t\t<\/div>\n\t\t\t\t\t<\/div>\n\t\t<\/div>\n\t\t\t\t\t<\/div>\n\t\t<\/section>\n\t\t\t\t<\/div>","protected":false},"excerpt":{"rendered":"<p>Maintenance &#038; Interventions \u2014 Offre \u2014 Accueil Depuis plus de 30 ans, TPI intervient aupr\u00e8s de ses clients pour effectuer la maintenance d\u2019\u00e9quipements m\u00e9caniques et de syst\u00e8mes li\u00e9s \u00e0 la propulsion nucl\u00e9aire. Certifi\u00e9e CEFRI E et dot\u00e9 de personnels habilit\u00e9s, TPI peut effectuer interventions sur chantier \u00ab\u00a0nucl\u00e9aire\u00a0\u00bb. Remise \u00e0 niveau en usine d\u2019\u00e9quipements embarqu\u00e9s Intervention [&hellip;]<\/p>","protected":false},"author":1,"featured_media":0,"parent":0,"menu_order":0,"comment_status":"closed","ping_status":"closed","template":"elementor_header_footer","meta":{"footnotes":""},"class_list":["post-161","page","type-page","status-publish","hentry"],"yoast_head":"<!-- This site is optimized with the Yoast SEO plugin v24.9 - https:\/\/yoast.com\/wordpress\/plugins\/seo\/ -->\n<title>Maintenance &amp; Intervention nucl\u00e9aire - TechnoPlus Industries<\/title>\n<meta name=\"robots\" content=\"index, follow, max-snippet:-1, max-image-preview:large, max-video-preview:-1\" \/>\n<link rel=\"canonical\" href=\"https:\/\/technoplus-industries.com\/en\/maintenance-intervention-nucleaire\/\" \/>\n<meta property=\"og:locale\" content=\"en_GB\" \/>\n<meta property=\"og:type\" content=\"article\" \/>\n<meta property=\"og:title\" content=\"Maintenance &amp; Intervention nucl\u00e9aire - TechnoPlus Industries\" \/>\n<meta property=\"og:description\" content=\"Maintenance &#038; Interventions \u2014 Offre \u2014 Accueil Depuis plus de 30 ans, TPI intervient aupr\u00e8s de ses clients pour effectuer la maintenance d\u2019\u00e9quipements m\u00e9caniques et de syst\u00e8mes li\u00e9s \u00e0 la propulsion nucl\u00e9aire. Certifi\u00e9e CEFRI E et dot\u00e9 de personnels habilit\u00e9s, TPI peut effectuer interventions sur chantier \u00ab\u00a0nucl\u00e9aire\u00a0\u00bb. Remise \u00e0 niveau en usine d\u2019\u00e9quipements embarqu\u00e9s Intervention [&hellip;]\" \/>\n<meta property=\"og:url\" content=\"https:\/\/technoplus-industries.com\/en\/maintenance-intervention-nucleaire\/\" \/>\n<meta property=\"og:site_name\" content=\"TechnoPlus Industries\" \/>\n<meta property=\"article:modified_time\" content=\"2020-06-08T09:12:51+00:00\" \/>\n<meta property=\"og:image\" content=\"https:\/\/technoplus-industries.com\/wp-content\/uploads\/elementor\/thumbs\/little-submarine-oi46cog7210d5hyadq6swd330ep4adu0t3o1drzck8.png\" \/>\n<meta name=\"twitter:card\" content=\"summary_large_image\" \/>\n<meta name=\"twitter:label1\" content=\"Estimated reading time\" \/>\n\t<meta name=\"twitter:data1\" content=\"1 minute\" \/>\n<script type=\"application\/ld+json\" class=\"yoast-schema-graph\">{\"@context\":\"https:\/\/schema.org\",\"@graph\":[{\"@type\":\"WebPage\",\"@id\":\"https:\/\/technoplus-industries.com\/en\/maintenance-intervention-nucleaire\/\",\"url\":\"https:\/\/technoplus-industries.com\/en\/maintenance-intervention-nucleaire\/\",\"name\":\"Maintenance & Intervention nucl\u00e9aire - TechnoPlus Industries\",\"isPartOf\":{\"@id\":\"https:\/\/technoplus-industries.com\/#website\"},\"primaryImageOfPage\":{\"@id\":\"https:\/\/technoplus-industries.com\/en\/maintenance-intervention-nucleaire\/#primaryimage\"},\"image\":{\"@id\":\"https:\/\/technoplus-industries.com\/en\/maintenance-intervention-nucleaire\/#primaryimage\"},\"thumbnailUrl\":\"https:\/\/technoplus-industries.com\/wp-content\/uploads\/elementor\/thumbs\/little-submarine-oi46cog7210d5hyadq6swd330ep4adu0t3o1drzck8.png\",\"datePublished\":\"2019-07-31T15:09:01+00:00\",\"dateModified\":\"2020-06-08T09:12:51+00:00\",\"breadcrumb\":{\"@id\":\"https:\/\/technoplus-industries.com\/en\/maintenance-intervention-nucleaire\/#breadcrumb\"},\"inLanguage\":\"en-GB\",\"potentialAction\":[{\"@type\":\"ReadAction\",\"target\":[\"https:\/\/technoplus-industries.com\/en\/maintenance-intervention-nucleaire\/\"]}]},{\"@type\":\"ImageObject\",\"inLanguage\":\"en-GB\",\"@id\":\"https:\/\/technoplus-industries.com\/en\/maintenance-intervention-nucleaire\/#primaryimage\",\"url\":\"https:\/\/technoplus-industries.com\/wp-content\/uploads\/elementor\/thumbs\/little-submarine-oi46cog7210d5hyadq6swd330ep4adu0t3o1drzck8.png\",\"contentUrl\":\"https:\/\/technoplus-industries.com\/wp-content\/uploads\/elementor\/thumbs\/little-submarine-oi46cog7210d5hyadq6swd330ep4adu0t3o1drzck8.png\"},{\"@type\":\"BreadcrumbList\",\"@id\":\"https:\/\/technoplus-industries.com\/en\/maintenance-intervention-nucleaire\/#breadcrumb\",\"itemListElement\":[{\"@type\":\"ListItem\",\"position\":1,\"name\":\"Home\",\"item\":\"https:\/\/technoplus-industries.com\/\"},{\"@type\":\"ListItem\",\"position\":2,\"name\":\"Maintenance &#038; Intervention nucl\u00e9aire\"}]},{\"@type\":\"WebSite\",\"@id\":\"https:\/\/technoplus-industries.com\/#website\",\"url\":\"https:\/\/technoplus-industries.com\/\",\"name\":\"TechnoPlus Industries\",\"description\":\"M\u00c9CANIQUE USINAGE CONCEPTION, R\u00c9ALISATION &amp; INT\u00c9GRATION\",\"publisher\":{\"@id\":\"https:\/\/technoplus-industries.com\/#organization\"},\"potentialAction\":[{\"@type\":\"SearchAction\",\"target\":{\"@type\":\"EntryPoint\",\"urlTemplate\":\"https:\/\/technoplus-industries.com\/?s={search_term_string}\"},\"query-input\":{\"@type\":\"PropertyValueSpecification\",\"valueRequired\":true,\"valueName\":\"search_term_string\"}}],\"inLanguage\":\"en-GB\"},{\"@type\":\"Organization\",\"@id\":\"https:\/\/technoplus-industries.com\/#organization\",\"name\":\"TechnoPlus Industries\",\"url\":\"https:\/\/technoplus-industries.com\/\",\"logo\":{\"@type\":\"ImageObject\",\"inLanguage\":\"en-GB\",\"@id\":\"https:\/\/technoplus-industries.com\/#\/schema\/logo\/image\/\",\"url\":\"https:\/\/technoplus-industries.com\/wp-content\/uploads\/2019\/07\/cropped-logo-TPI-ok.png\",\"contentUrl\":\"https:\/\/technoplus-industries.com\/wp-content\/uploads\/2019\/07\/cropped-logo-TPI-ok.png\",\"width\":2331,\"height\":1528,\"caption\":\"TechnoPlus Industries\"},\"image\":{\"@id\":\"https:\/\/technoplus-industries.com\/#\/schema\/logo\/image\/\"}}]}<\/script>\n<!-- \/ Yoast SEO plugin. -->","yoast_head_json":{"title":"Maintenance & Intervention nucl\u00e9aire - TechnoPlus Industries","robots":{"index":"index","follow":"follow","max-snippet":"max-snippet:-1","max-image-preview":"max-image-preview:large","max-video-preview":"max-video-preview:-1"},"canonical":"https:\/\/technoplus-industries.com\/en\/maintenance-intervention-nucleaire\/","og_locale":"en_GB","og_type":"article","og_title":"Maintenance & Intervention nucl\u00e9aire - TechnoPlus Industries","og_description":"Maintenance &#038; Interventions \u2014 Offre \u2014 Accueil Depuis plus de 30 ans, TPI intervient aupr\u00e8s de ses clients pour effectuer la maintenance d\u2019\u00e9quipements m\u00e9caniques et de syst\u00e8mes li\u00e9s \u00e0 la propulsion nucl\u00e9aire. Certifi\u00e9e CEFRI E et dot\u00e9 de personnels habilit\u00e9s, TPI peut effectuer interventions sur chantier \u00ab\u00a0nucl\u00e9aire\u00a0\u00bb. Remise \u00e0 niveau en usine d\u2019\u00e9quipements embarqu\u00e9s Intervention [&hellip;]","og_url":"https:\/\/technoplus-industries.com\/en\/maintenance-intervention-nucleaire\/","og_site_name":"TechnoPlus Industries","article_modified_time":"2020-06-08T09:12:51+00:00","og_image":[{"url":"https:\/\/technoplus-industries.com\/wp-content\/uploads\/elementor\/thumbs\/little-submarine-oi46cog7210d5hyadq6swd330ep4adu0t3o1drzck8.png","type":"","width":"","height":""}],"twitter_card":"summary_large_image","twitter_misc":{"Estimated reading time":"1 minute"},"schema":{"@context":"https:\/\/schema.org","@graph":[{"@type":"WebPage","@id":"https:\/\/technoplus-industries.com\/en\/maintenance-intervention-nucleaire\/","url":"https:\/\/technoplus-industries.com\/en\/maintenance-intervention-nucleaire\/","name":"Maintenance & Intervention nucl\u00e9aire - TechnoPlus Industries","isPartOf":{"@id":"https:\/\/technoplus-industries.com\/#website"},"primaryImageOfPage":{"@id":"https:\/\/technoplus-industries.com\/en\/maintenance-intervention-nucleaire\/#primaryimage"},"image":{"@id":"https:\/\/technoplus-industries.com\/en\/maintenance-intervention-nucleaire\/#primaryimage"},"thumbnailUrl":"https:\/\/technoplus-industries.com\/wp-content\/uploads\/elementor\/thumbs\/little-submarine-oi46cog7210d5hyadq6swd330ep4adu0t3o1drzck8.png","datePublished":"2019-07-31T15:09:01+00:00","dateModified":"2020-06-08T09:12:51+00:00","breadcrumb":{"@id":"https:\/\/technoplus-industries.com\/en\/maintenance-intervention-nucleaire\/#breadcrumb"},"inLanguage":"en-GB","potentialAction":[{"@type":"ReadAction","target":["https:\/\/technoplus-industries.com\/en\/maintenance-intervention-nucleaire\/"]}]},{"@type":"ImageObject","inLanguage":"en-GB","@id":"https:\/\/technoplus-industries.com\/en\/maintenance-intervention-nucleaire\/#primaryimage","url":"https:\/\/technoplus-industries.com\/wp-content\/uploads\/elementor\/thumbs\/little-submarine-oi46cog7210d5hyadq6swd330ep4adu0t3o1drzck8.png","contentUrl":"https:\/\/technoplus-industries.com\/wp-content\/uploads\/elementor\/thumbs\/little-submarine-oi46cog7210d5hyadq6swd330ep4adu0t3o1drzck8.png"},{"@type":"BreadcrumbList","@id":"https:\/\/technoplus-industries.com\/en\/maintenance-intervention-nucleaire\/#breadcrumb","itemListElement":[{"@type":"ListItem","position":1,"name":"Home","item":"https:\/\/technoplus-industries.com\/"},{"@type":"ListItem","position":2,"name":"Maintenance &#038; Intervention nucl\u00e9aire"}]},{"@type":"WebSite","@id":"https:\/\/technoplus-industries.com\/#website","url":"https:\/\/technoplus-industries.com\/","name":"TechnoPlus Industries","description":"M\u00c9CANIQUE USINAGE CONCEPTION, R\u00c9ALISATION &amp; INT\u00c9GRATION","publisher":{"@id":"https:\/\/technoplus-industries.com\/#organization"},"potentialAction":[{"@type":"SearchAction","target":{"@type":"EntryPoint","urlTemplate":"https:\/\/technoplus-industries.com\/?s={search_term_string}"},"query-input":{"@type":"PropertyValueSpecification","valueRequired":true,"valueName":"search_term_string"}}],"inLanguage":"en-GB"},{"@type":"Organization","@id":"https:\/\/technoplus-industries.com\/#organization","name":"TechnoPlus Industries","url":"https:\/\/technoplus-industries.com\/","logo":{"@type":"ImageObject","inLanguage":"en-GB","@id":"https:\/\/technoplus-industries.com\/#\/schema\/logo\/image\/","url":"https:\/\/technoplus-industries.com\/wp-content\/uploads\/2019\/07\/cropped-logo-TPI-ok.png","contentUrl":"https:\/\/technoplus-industries.com\/wp-content\/uploads\/2019\/07\/cropped-logo-TPI-ok.png","width":2331,"height":1528,"caption":"TechnoPlus Industries"},"image":{"@id":"https:\/\/technoplus-industries.com\/#\/schema\/logo\/image\/"}}]}},"_links":{"self":[{"href":"https:\/\/technoplus-industries.com\/en\/wp-json\/wp\/v2\/pages\/161","targetHints":{"allow":["GET"]}}],"collection":[{"href":"https:\/\/technoplus-industries.com\/en\/wp-json\/wp\/v2\/pages"}],"about":[{"href":"https:\/\/technoplus-industries.com\/en\/wp-json\/wp\/v2\/types\/page"}],"author":[{"embeddable":true,"href":"https:\/\/technoplus-industries.com\/en\/wp-json\/wp\/v2\/users\/1"}],"replies":[{"embeddable":true,"href":"https:\/\/technoplus-industries.com\/en\/wp-json\/wp\/v2\/comments?post=161"}],"version-history":[{"count":0,"href":"https:\/\/technoplus-industries.com\/en\/wp-json\/wp\/v2\/pages\/161\/revisions"}],"wp:attachment":[{"href":"https:\/\/technoplus-industries.com\/en\/wp-json\/wp\/v2\/media?parent=161"}],"curies":[{"name":"wp","href":"https:\/\/api.w.org\/{rel}","templated":true}]}}